{"id":307,"date":"2021-05-11T22:03:48","date_gmt":"2021-05-11T22:03:48","guid":{"rendered":"http:\/\/aecister.pt\/ae\/?page_id=307"},"modified":"2021-05-11T22:36:30","modified_gmt":"2021-05-11T22:36:30","slug":"entrada","status":"publish","type":"page","link":"https:\/\/aecister.pt\/ae\/","title":{"rendered":"Entrada"},"content":{"rendered":"\n<p>O site da Associa\u00e7\u00e3o de Estudantes \u00e9 onde encontras todas as informa\u00e7\u00f5es que necessitas relacionadas connosco.  Nos v\u00e1rios menus disp\u00f5es de forma organizada de algumas informa\u00e7\u00f5es burocr\u00e1ticas que te podem ser \u00fateis.  \u00c9 sempre bom ter em conta a import\u00e2ncia da informa\u00e7\u00e3o que adquirimos. Estando a frequentar a Escola Secund\u00e1ria D. In\u00eas de Castro \u00e9 de extrema relev\u00e2ncia que acompanhes as a\u00e7\u00f5es da tua AE, pois este \u00e9 um projeto de alunos, para alunos, esta \u00e9 a forma de todos os alunos terem uma voz. N\u00e3o percas a chance de ser ouvido e mant\u00e9m-te informado!  Acompanha o nosso percurso e plano de Atividades com as nossas publica\u00e7\u00f5es. <\/p>\n\n\n\n<figure class=\"wp-block-image\"><img loading=\"lazy\" width=\"1024\" height=\"576\" src=\"https:\/\/aecister.pt\/ae\/wp-content\/uploads\/2019\/11\/22338879_1493176987439746_8912929970608851986_o-1024x576.jpg\" alt=\"\" class=\"wp-image-22\" srcset=\"https:\/\/aecister.pt\/ae\/wp-content\/uploads\/2019\/11\/22338879_1493176987439746_8912929970608851986_o-1024x576.jpg 1024w, https:\/\/aecister.pt\/ae\/wp-content\/uploads\/2019\/11\/22338879_1493176987439746_8912929970608851986_o-300x169.jpg 300w, https:\/\/aecister.pt\/ae\/wp-content\/uploads\/2019\/11\/22338879_1493176987439746_8912929970608851986_o-768x432.jpg 768w, https:\/\/aecister.pt\/ae\/wp-content\/uploads\/2019\/11\/22338879_1493176987439746_8912929970608851986_o-720x405.jpg 720w, https:\/\/aecister.pt\/ae\/wp-content\/uploads\/2019\/11\/22338879_1493176987439746_8912929970608851986_o.jpg 1440w\" sizes=\"(max-width: 1024px) 100vw, 1024px\" \/><\/figure>\n","protected":false},"excerpt":{"rendered":"<p>O site da Associa\u00e7\u00e3o de Estudantes \u00e9 onde encontras todas as informa\u00e7\u00f5es que necessitas relacionadas connosco. Nos v\u00e1rios menus disp\u00f5es de forma organizada de algumas informa\u00e7\u00f5es burocr\u00e1ticas que te podem ser \u00fateis. \u00c9 sempre bom ter em conta a import\u00e2ncia da informa\u00e7\u00e3o que adquirimos. Estando a frequentar a Escola Secund\u00e1ria D. In\u00eas de Castro \u00e9 &hellip; <a href=\"https:\/\/aecister.pt\/ae\/\" class=\"more-link\">Continue a ler <span class=\"screen-reader-text\">Entrada<\/span><\/a><\/p>\n","protected":false},"author":1,"featured_media":0,"parent":0,"menu_order":0,"comment_status":"closed","ping_status":"closed","template":"","meta":[],"_links":{"self":[{"href":"https:\/\/aecister.pt\/ae\/wp-json\/wp\/v2\/pages\/307"}],"collection":[{"href":"https:\/\/aecister.pt\/ae\/wp-json\/wp\/v2\/pages"}],"about":[{"href":"https:\/\/aecister.pt\/ae\/wp-json\/wp\/v2\/types\/page"}],"author":[{"embeddable":true,"href":"https:\/\/aecister.pt\/ae\/wp-json\/wp\/v2\/users\/1"}],"replies":[{"embeddable":true,"href":"https:\/\/aecister.pt\/ae\/wp-json\/wp\/v2\/comments?post=307"}],"version-history":[{"count":2,"href":"https:\/\/aecister.pt\/ae\/wp-json\/wp\/v2\/pages\/307\/revisions"}],"predecessor-version":[{"id":320,"href":"https:\/\/aecister.pt\/ae\/wp-json\/wp\/v2\/pages\/307\/revisions\/320"}],"wp:attachment":[{"href":"https:\/\/aecister.pt\/ae\/wp-json\/wp\/v2\/media?parent=307"}],"curies":[{"name":"wp","href":"https:\/\/api.w.org\/{rel}","templated":true}]}}