{"id":294,"date":"2021-05-11T22:02:27","date_gmt":"2021-05-11T22:02:27","guid":{"rendered":"http:\/\/aecister.pt\/ae\/?page_id=294"},"modified":"2021-12-15T17:57:38","modified_gmt":"2021-12-15T17:57:38","slug":"medidas","status":"publish","type":"page","link":"https:\/\/aecister.pt\/ae\/medidas\/","title":{"rendered":"Medidas"},"content":{"rendered":"\n<h2>Office 365<\/h2>\n\n\n\n<p>No dia 29\/11\/2021, a AE em colabora\u00e7\u00e3o com o professor Nuno Filipe, disponibilizou o Office 365 A1 (Utiliza\u00e7\u00e3o na Web\/Online) de forma a todos os alunos poderem usufruir, de forma gratuita, de aplica\u00e7\u00f5es populares como o Word, PowerPoint, Excel, etc. Esta licen\u00e7a exige que estejam ligados \u00e0 Internet e usar as aplica\u00e7\u00f5es no Browser, mas s\u00e3o aplica\u00e7\u00f5es completamente funcionais, com a vantagem de n\u00e3o ser necess\u00e1rio\u00a0instalar\u00a0e bastar\u00a0iniciar\u00a0sess\u00e3o com a vossa conta em\u00a0qualquer\u00a0computador para poderem aceder \u00e0s aplica\u00e7\u00f5es Office (por exemplo, nos computadores cedidos no \u00e2mbito do programa Escola Digital). <br>O e-mail explicativo foi enviado a todos os alunos, por\u00e9m o documento estar\u00e1 anexado neste artigo.<\/p>\n\n\n\n<div class=\"wp-block-file\"><a href=\"https:\/\/aecister.pt\/ae\/wp-content\/uploads\/2021\/12\/Tutorial_Criar_Conta_Office365_Alunos.pdf\">Tutorial_Criar_Conta_Office365_Alunos<\/a><a href=\"https:\/\/aecister.pt\/ae\/wp-content\/uploads\/2021\/12\/Tutorial_Criar_Conta_Office365_Alunos.pdf\" class=\"wp-block-file__button\" download>Descarregar<\/a><\/div>\n\n\n\n<h2>Salas de trabalho<\/h2>\n\n\n\n<p>No dia 26\/11\/2021, a AE disponibilizou um hor\u00e1rio que mostra as salas dispon\u00edveis ao longo do hor\u00e1rio letivo, onde se possam realizar trabalhos individuais ou de grupo <\/p>\n\n\n\n<div class=\"wp-block-file\"><a href=\"https:\/\/aecister.pt\/ae\/wp-content\/uploads\/2021\/11\/Salas-de-Trabalho.pdf\">Salas-de-Trabalho<\/a><a href=\"https:\/\/aecister.pt\/ae\/wp-content\/uploads\/2021\/11\/Salas-de-Trabalho.pdf\" class=\"wp-block-file__button\" download>Descarregar<\/a><\/div>\n\n\n\n<hr class=\"wp-block-separator\"\/>\n\n\n\n<h2>Aquisi\u00e7\u00e3o da M\u00e1quina de Desinfe\u00e7\u00e3o Escolar Mensal<\/h2>\n\n\n\n<p> Durante o confinamento, a Associa\u00e7\u00e3o de Estudantes em conjunto com a Dire\u00e7\u00e3o da nossa escola, adquiriram uma m\u00e1quina de desinfe\u00e7\u00e3o pertencente \u00e0 ZOONO. Esta atrav\u00e9s de um nebulizador, deixa uma camada nas superf\u00edcies, com o objetivo de impedir a propaga\u00e7\u00e3o do v\u00edrus. Para que esta desinfe\u00e7\u00e3o n\u00e3o seja em v\u00e3o, dever\u00e3o ter em conta que n\u00e3o deve ser derramado nas superf\u00edcies (mesas, cadeiras, etc.), qualquer tipo de \u00e1lcool gel ou desinfetantes comuns.  <\/p>\n\n\n\n<figure class=\"wp-block-image\"><img loading=\"lazy\" width=\"696\" height=\"675\" src=\"https:\/\/aecister.pt\/ae\/wp-content\/uploads\/2021\/05\/WhatsApp-Image-2021-05-11-at-21.56.44.jpeg\" alt=\"\" class=\"wp-image-264\" srcset=\"https:\/\/aecister.pt\/ae\/wp-content\/uploads\/2021\/05\/WhatsApp-Image-2021-05-11-at-21.56.44.jpeg 696w, https:\/\/aecister.pt\/ae\/wp-content\/uploads\/2021\/05\/WhatsApp-Image-2021-05-11-at-21.56.44-300x291.jpeg 300w\" sizes=\"(max-width: 696px) 100vw, 696px\" \/><figcaption><a href=\"http:\/\/Associa\u00e7\u00e3o de estudantes (@aeesdica20_21) \u2022 fotos e v\u00eddeos do Instagram\">http:\/\/Associa\u00e7\u00e3o de estudantes (@aeesdica20_21) \u2022 fotos e v\u00eddeos do Instagram<\/a><br><\/figcaption><\/figure>\n\n\n\n<div style=\"height:100px\" aria-hidden=\"true\" class=\"wp-block-spacer\"><\/div>\n\n\n\n<h2>Dinamiza\u00e7\u00e3o de Atividades Online<\/h2>\n\n\n\n<p> Durante o confinamento a Associa\u00e7\u00e3o de Estudantes dinamizou diversas semanas tem\u00e1ticas nas redes sociais, com o intuito de animar, entreter e consciencializar os alunos. Para acederem a todas as lives de forma organizada consultem as nossas s\u00e9ries no IGTV. <\/p>\n\n\n\n<p> A primeira semana realizada foi a &#8220;SEMANA ATIVA&#8221;: (link da primeira live da semana ativa), esta inclui tamb\u00e9m v\u00eddeos sobre cursos de faculdade   <\/p>\n\n\n\n<p> <a href=\"https:\/\/www.instagram.com\/tv\/CKzuHVWH1_l\/?igshid=oge2ssfcsy4v\">https:\/\/www.instagram.com\/tv\/CKzuHVWH1_l\/?igshid=oge2ssfcsy4v<\/a> <\/p>\n\n\n\n<p> A segunda semana realizada foi a &#8220;SEMANA DA SEXUALIDADE&#8221;: (link da primeira live da semana da sexualidade)   <\/p>\n\n\n\n<p> <a href=\"https:\/\/www.instagram.com\/tv\/CLE-HiRnp9s\/?utm_source=ig_web_copy_link \">https:\/\/www.instagram.com\/tv\/CLE-HiRnp9s\/?utm_source=ig_web_copy_link <\/a><\/p>\n\n\n\n<p> A terceira semana realizada foi a &#8220;SEMANA DE DEBATES&#8221;: (link da primeira live da semana de debates) <\/p>\n\n\n\n<p> <a href=\"https:\/\/www.instagram.com\/tv\/CLxCVmcH_G3\/?utm_source=ig_web_copy_link\">https:\/\/www.instagram.com\/tv\/CLxCVmcH_G3\/?utm_source=ig_web_copy_link<\/a>   <\/p>\n\n\n\n<p> A quarta semana realizada foi a &#8220;SEMANA DE CONVERSAS DE MESA&#8221;: (link da primeira live da semana de conversas de mesa)  <\/p>\n\n\n\n<p><a href=\"https:\/\/www.instagram.com\/tv\/CMsVzBdnJOt\/?utm_source=ig_web_copy_link    \">https:\/\/www.instagram.com\/tv\/CMsVzBdnJOt\/?utm_source=ig_web_copy_link    <\/a><\/p>\n\n\n\n<p> A quinta semana realizada foi a &#8220;SEMANA ESDICA NATURE&#8221;: (link da primeira live da semana esdica nature)  <\/p>\n\n\n\n<p><a href=\"https:\/\/www.instagram.com\/tv\/CNINjH6HrHB\/?utm_source=ig_web_copy_link\">https:\/\/www.instagram.com\/tv\/CNINjH6HrHB\/?utm_source=ig_web_copy_link<\/a>  <\/p>\n\n\n\n<div style=\"height:100px\" aria-hidden=\"true\" class=\"wp-block-spacer\"><\/div>\n\n\n\n<h2>Aquisi\u00e7\u00e3o dos micro-ondas<\/h2>\n\n\n\n<p> A 27 de novembro cumprimos mais uma medida!!<br>Medida ben\u00e9fica a todos! Colocamos mais dois micro-ondas em dois locais diferentes na escola, juntamente com a dire\u00e7\u00e3o. A coloca\u00e7\u00e3o destes beneficia os alunos, sendo que viabiliza que uma maior quantidade de alunos aque\u00e7a a sua comida numa menor quantidade de tempo, vindo assim a rentabilizar melhor a sua hora de almo\u00e7o.   Pedimos a todos a boa utiliza\u00e7\u00e3o dos mesmos!!!  <\/p>\n\n\n\n<figure class=\"wp-block-image\"><img loading=\"lazy\" width=\"549\" height=\"337\" src=\"https:\/\/aecister.pt\/ae\/wp-content\/uploads\/2021\/05\/arca-congeladora-2.png\" alt=\"\" class=\"wp-image-245\" srcset=\"https:\/\/aecister.pt\/ae\/wp-content\/uploads\/2021\/05\/arca-congeladora-2.png 549w, https:\/\/aecister.pt\/ae\/wp-content\/uploads\/2021\/05\/arca-congeladora-2-300x184.png 300w\" sizes=\"(max-width: 549px) 100vw, 549px\" \/><\/figure>\n\n\n\n<div style=\"height:100px\" aria-hidden=\"true\" class=\"wp-block-spacer\"><\/div>\n\n\n\n<h2>Aquisi\u00e7\u00e3o da Arca Congeladora<\/h2>\n\n\n\n<p> No dia 30 de Outubro de 2020 realizamos a nossa primeira medida f\u00edsica! Adquirimos a arca congeladora que j\u00e1 est\u00e1 a ser utilizada desde ent\u00e3o. Com a concretiza\u00e7\u00e3o desta medida, alcan\u00e7amos algo \u00e0 muito requerido pelos professores da disciplina de Educa\u00e7\u00e3o F\u00edsica. A presen\u00e7a da arca congeladora no pavilh\u00e3o viabiliza a utiliza\u00e7\u00e3o de gelo de forma extremamente mais r\u00e1pida no caso de algum ferimento por parte de um aluno.  <\/p>\n\n\n\n<figure class=\"wp-block-image\"><img loading=\"lazy\" width=\"656\" height=\"415\" src=\"https:\/\/aecister.pt\/ae\/wp-content\/uploads\/2021\/05\/arca-congeladora-1.png\" alt=\"\" class=\"wp-image-240\" srcset=\"https:\/\/aecister.pt\/ae\/wp-content\/uploads\/2021\/05\/arca-congeladora-1.png 656w, https:\/\/aecister.pt\/ae\/wp-content\/uploads\/2021\/05\/arca-congeladora-1-300x190.png 300w\" sizes=\"(max-width: 656px) 100vw, 656px\" \/><\/figure>\n","protected":false},"excerpt":{"rendered":"<p>Office 365 No dia 29\/11\/2021, a AE em colabora\u00e7\u00e3o com o professor Nuno Filipe, disponibilizou o Office 365 A1 (Utiliza\u00e7\u00e3o na Web\/Online) de forma a todos os alunos poderem usufruir, de forma gratuita, de aplica\u00e7\u00f5es populares como o Word, PowerPoint, Excel, etc. Esta licen\u00e7a exige que estejam ligados \u00e0 Internet e usar as aplica\u00e7\u00f5es no &hellip; <a href=\"https:\/\/aecister.pt\/ae\/medidas\/\" class=\"more-link\">Continue a ler <span class=\"screen-reader-text\">Medidas<\/span><\/a><\/p>\n","protected":false},"author":1,"featured_media":0,"parent":0,"menu_order":0,"comment_status":"closed","ping_status":"closed","template":"","meta":[],"_links":{"self":[{"href":"https:\/\/aecister.pt\/ae\/wp-json\/wp\/v2\/pages\/294"}],"collection":[{"href":"https:\/\/aecister.pt\/ae\/wp-json\/wp\/v2\/pages"}],"about":[{"href":"https:\/\/aecister.pt\/ae\/wp-json\/wp\/v2\/types\/page"}],"author":[{"embeddable":true,"href":"https:\/\/aecister.pt\/ae\/wp-json\/wp\/v2\/users\/1"}],"replies":[{"embeddable":true,"href":"https:\/\/aecister.pt\/ae\/wp-json\/wp\/v2\/comments?post=294"}],"version-history":[{"count":7,"href":"https:\/\/aecister.pt\/ae\/wp-json\/wp\/v2\/pages\/294\/revisions"}],"predecessor-version":[{"id":518,"href":"https:\/\/aecister.pt\/ae\/wp-json\/wp\/v2\/pages\/294\/revisions\/518"}],"wp:attachment":[{"href":"https:\/\/aecister.pt\/ae\/wp-json\/wp\/v2\/media?parent=294"}],"curies":[{"name":"wp","href":"https:\/\/api.w.org\/{rel}","templated":true}]}}