{"id":293,"date":"2021-05-11T22:02:27","date_gmt":"2021-05-11T22:02:27","guid":{"rendered":"http:\/\/aecister.pt\/ae\/?page_id=293"},"modified":"2021-12-13T20:45:19","modified_gmt":"2021-12-13T20:45:19","slug":"atas","status":"publish","type":"page","link":"https:\/\/aecister.pt\/ae\/atas\/","title":{"rendered":"Atas"},"content":{"rendered":"\n<h2>ATA n\u00ba2 da Dire\u00e7\u00e3o 2021\/22<\/h2>\n\n\n\n<p>No presente artigo est\u00e1 dispon\u00edvel a ATA da 2\u00aa reuni\u00e3o realizada pela Dire\u00e7\u00e3o da Associa\u00e7\u00e3o de Estudantes realizada no dia 20 de Outubro de 2021.  <\/p>\n\n\n\n<div class=\"wp-block-file\"><a href=\"https:\/\/aecister.pt\/ae\/wp-content\/uploads\/2021\/12\/Ata-2-Direcao.pdf\">Ata-2-Direcao<\/a><a href=\"https:\/\/aecister.pt\/ae\/wp-content\/uploads\/2021\/12\/Ata-2-Direcao.pdf\" class=\"wp-block-file__button\" download>Descarregar<\/a><\/div>\n\n\n\n<h2>ATA n\u00ba1 da Dire\u00e7\u00e3o 2021\/22<\/h2>\n\n\n\n<p>No presente artigo est\u00e1 dispon\u00edvel a ATA da 1\u00aa reuni\u00e3o realizada pela Dire\u00e7\u00e3o da Associa\u00e7\u00e3o de Estudantes realizada no dia 18 de Outubro de 2021.  <\/p>\n\n\n\n<div class=\"wp-block-file\"><a href=\"https:\/\/aecister.pt\/ae\/wp-content\/uploads\/2021\/12\/Ata-1-Direcao.pdf\">Ata-1-Direcao<\/a><a href=\"https:\/\/aecister.pt\/ae\/wp-content\/uploads\/2021\/12\/Ata-1-Direcao.pdf\" class=\"wp-block-file__button\" download>Descarregar<\/a><\/div>\n\n\n\n<h2>ATA &#8211; 1\u00aa Assembleia Geral 2021\/2022<\/h2>\n\n\n\n<p>No presente artigo est\u00e1 dispon\u00edvel a ATA da 1\u00aa Assembleia Geral realizada com os representantes de turma, do dia 3 de Novembro de 2021. <\/p>\n\n\n\n<div class=\"wp-block-file\"><a href=\"https:\/\/aecister.pt\/ae\/wp-content\/uploads\/2021\/11\/ATA-1aAG.pdf\">ATA-1aAG<\/a><a href=\"https:\/\/aecister.pt\/ae\/wp-content\/uploads\/2021\/11\/ATA-1aAG.pdf\" class=\"wp-block-file__button\" download>Descarregar<\/a><\/div>\n\n\n\n<hr class=\"wp-block-separator is-style-wide\"\/>\n\n\n\n<h2>ATA-1\u00aaReuni\u00e3o do Conselho Fiscal 2020\/2021<\/h2>\n\n\n\n<p>No presente artigo, o Conselho Fiscal, divulga a ata da primeira reuni\u00e3o realizada no presente ano letivo. A publica\u00e7\u00e3o da ata delibera a observa\u00e7\u00e3o da mesma por parte de todos os alunos. <\/p>\n\n\n\n<div class=\"wp-block-file\"><a href=\"https:\/\/aecister.pt\/ae\/wp-content\/uploads\/2020\/12\/ATA-1-C.F.pdf\">ATA-1-C.F<\/a><a href=\"https:\/\/aecister.pt\/ae\/wp-content\/uploads\/2020\/12\/ATA-1-C.F.pdf\" class=\"wp-block-file__button\" download>Descarregar<\/a><\/div>\n\n\n\n<h2>Ata n\u00ba2 do Conselho Fiscal Ano Letivo 2020\/2021<\/h2>\n\n\n\n<p> No presente artigo, o Conselho Fiscal, divulga a ata da segunda reuni\u00e3o realizada no presente ano letivo. A publica\u00e7\u00e3o da ata delibera a observa\u00e7\u00e3o da mesma por parte de todos os alunos. <\/p>\n\n\n\n<div class=\"wp-block-file\"><a href=\"https:\/\/aecister.pt\/ae\/wp-content\/uploads\/2020\/12\/ATA-2-C.F.pdf\">ATA-2-C.F<\/a><a href=\"https:\/\/aecister.pt\/ae\/wp-content\/uploads\/2020\/12\/ATA-2-C.F.pdf\" class=\"wp-block-file__button\" download>Descarregar<\/a><\/div>\n\n\n\n<h2>Ata n\u00ba1 da Assembleia Geral Ano Letivo 2020\/2021<\/h2>\n\n\n\n<p> No presente artigo, a Mesa da Assembleia Geral, divulga a ata da primeira Assembleia Geral realizada no presente ano letivo. A assembleia teve realiza\u00e7\u00e3o \u00e0 data de 3 de novembro de 2020, no audit\u00f3rio da escola sede, D. In\u00eas de Castro, com os representantes de cada turma, assim como os representantes do conselho estrat\u00e9gico. A publica\u00e7\u00e3o da ata delibera a observa\u00e7\u00e3o da mesma por parte de todos os alunos.  <\/p>\n\n\n\n<div class=\"wp-block-file\"><a href=\"https:\/\/aecister.pt\/ae\/wp-content\/uploads\/2020\/12\/ATA-3-A.G.pdf\">ATA-3-A.G<\/a><a href=\"https:\/\/aecister.pt\/ae\/wp-content\/uploads\/2020\/12\/ATA-3-A.G.pdf\" class=\"wp-block-file__button\" download>Descarregar<\/a><\/div>\n\n\n\n<h2>Ata n\u00ba1 da Mesa da Assembleia Geral Ano Letivo 2020\/2021<\/h2>\n\n\n\n<p> No presente artigo, a Mesa da Assembleia Geral, divulga a ata da primeira reuni\u00e3o realizada no presente ano letivo. A publica\u00e7\u00e3o da ata delibera a observa\u00e7\u00e3o da mesma por parte de todos os alunos. <\/p>\n\n\n\n<div class=\"wp-block-file\"><a href=\"https:\/\/aecister.pt\/ae\/wp-content\/uploads\/2020\/12\/ATA-1-A.G.pdf\">ATA-1-A.G<\/a><a href=\"https:\/\/aecister.pt\/ae\/wp-content\/uploads\/2020\/12\/ATA-1-A.G.pdf\" class=\"wp-block-file__button\" download>Descarregar<\/a><\/div>\n\n\n\n<h2>Ata n\u00ba2 da Mesa da Assembleia Geral Ano Letivo 2020\/2021<\/h2>\n\n\n\n<p>  No presente artigo, a Mesa da Assembleia Geral, divulga a ata da segunda reuni\u00e3o realizada no presente ano letivo. A publica\u00e7\u00e3o da ata delibera a observa\u00e7\u00e3o da mesma por parte de todos os alunos. <\/p>\n\n\n\n<div class=\"wp-block-file\"><a href=\"https:\/\/aecister.pt\/ae\/wp-content\/uploads\/2020\/12\/ATA-2-A.G.pdf\">ATA-2-A.G<\/a><a href=\"https:\/\/aecister.pt\/ae\/wp-content\/uploads\/2020\/12\/ATA-2-A.G.pdf\" class=\"wp-block-file__button\" download>Descarregar<\/a><\/div>\n\n\n\n<h3>Ata n\u00ba1 da Dire\u00e7\u00e3o Ano letivo 2020\/2021<\/h3>\n\n\n\n<p> No presente artigo, a Dire\u00e7\u00e3o, divulga a ata da primeira reuni\u00e3o realizada no presente ano letivo. A publica\u00e7\u00e3o da ata delibera a observa\u00e7\u00e3o da mesma por parte de todos os alunos.  <\/p>\n\n\n\n<div class=\"wp-block-file\"><a href=\"https:\/\/aecister.pt\/ae\/wp-content\/uploads\/2021\/05\/Ata-n\u00ba1-Dire\u00e7\u00e3o-.pdf\">Ata-n\u00ba1-Dire\u00e7\u00e3o<\/a><a href=\"https:\/\/aecister.pt\/ae\/wp-content\/uploads\/2021\/05\/Ata-n\u00ba1-Dire\u00e7\u00e3o-.pdf\" class=\"wp-block-file__button\" download>Descarregar<\/a><\/div>\n\n\n\n<p><\/p>\n\n\n\n<h3>Ata n\u00ba4 da Associa\u00e7\u00e3o de Estudantes Ano letivo 2020\/2021<\/h3>\n\n\n\n<p> No presente artigo, a Associa\u00e7\u00e3o de Estudantes, divulga a ata da quarta reuni\u00e3o realizada no presente ano letivo. A publica\u00e7\u00e3o da ata delibera a observa\u00e7\u00e3o da mesma por parte de todos os alunos. <\/p>\n\n\n\n<div class=\"wp-block-file\"><a href=\"https:\/\/aecister.pt\/ae\/wp-content\/uploads\/2021\/06\/ata-ae-4.pdf\">ata-ae-4<\/a><a href=\"https:\/\/aecister.pt\/ae\/wp-content\/uploads\/2021\/06\/ata-ae-4.pdf\" class=\"wp-block-file__button\" download>Descarregar<\/a><\/div>\n\n\n\n<h2>Ata n\u00ba5  Associa\u00e7\u00e3o de Estudantes Ano letivo 2020\/2021 <\/h2>\n\n\n\n<p> No presente artigo, a Associa\u00e7\u00e3o de Estudantes, divulga a ata da quinta reuni\u00e3o realizada no presente ano letivo. A publica\u00e7\u00e3o da ata delibera a observa\u00e7\u00e3o da mesma por parte de todos os alunos.  <\/p>\n\n\n\n<div class=\"wp-block-file\"><a href=\"https:\/\/aecister.pt\/ae\/wp-content\/uploads\/2021\/06\/Ata-n\u00ba5-AE.pdf\">Ata-n\u00ba5-AE<\/a><a href=\"https:\/\/aecister.pt\/ae\/wp-content\/uploads\/2021\/06\/Ata-n\u00ba5-AE.pdf\" class=\"wp-block-file__button\" download>Descarregar<\/a><\/div>\n","protected":false},"excerpt":{"rendered":"<p>ATA n\u00ba2 da Dire\u00e7\u00e3o 2021\/22 No presente artigo est\u00e1 dispon\u00edvel a ATA da 2\u00aa reuni\u00e3o realizada pela Dire\u00e7\u00e3o da Associa\u00e7\u00e3o de Estudantes realizada no dia 20 de Outubro de 2021. ATA n\u00ba1 da Dire\u00e7\u00e3o 2021\/22 No presente artigo est\u00e1 dispon\u00edvel a ATA da 1\u00aa reuni\u00e3o realizada pela Dire\u00e7\u00e3o da Associa\u00e7\u00e3o de Estudantes realizada no dia &hellip; <a href=\"https:\/\/aecister.pt\/ae\/atas\/\" class=\"more-link\">Continue a ler <span class=\"screen-reader-text\">Atas<\/span><\/a><\/p>\n","protected":false},"author":1,"featured_media":0,"parent":0,"menu_order":0,"comment_status":"closed","ping_status":"closed","template":"","meta":[],"_links":{"self":[{"href":"https:\/\/aecister.pt\/ae\/wp-json\/wp\/v2\/pages\/293"}],"collection":[{"href":"https:\/\/aecister.pt\/ae\/wp-json\/wp\/v2\/pages"}],"about":[{"href":"https:\/\/aecister.pt\/ae\/wp-json\/wp\/v2\/types\/page"}],"author":[{"embeddable":true,"href":"https:\/\/aecister.pt\/ae\/wp-json\/wp\/v2\/users\/1"}],"replies":[{"embeddable":true,"href":"https:\/\/aecister.pt\/ae\/wp-json\/wp\/v2\/comments?post=293"}],"version-history":[{"count":10,"href":"https:\/\/aecister.pt\/ae\/wp-json\/wp\/v2\/pages\/293\/revisions"}],"predecessor-version":[{"id":513,"href":"https:\/\/aecister.pt\/ae\/wp-json\/wp\/v2\/pages\/293\/revisions\/513"}],"wp:attachment":[{"href":"https:\/\/aecister.pt\/ae\/wp-json\/wp\/v2\/media?parent=293"}],"curies":[{"name":"wp","href":"https:\/\/api.w.org\/{rel}","templated":true}]}}