{"id":121,"date":"2019-11-28T09:39:46","date_gmt":"2019-11-28T09:39:46","guid":{"rendered":"http:\/\/aecister.pt\/ae\/?page_id=121"},"modified":"2021-12-13T21:01:25","modified_gmt":"2021-12-13T21:01:25","slug":"noticias-3","status":"publish","type":"page","link":"https:\/\/aecister.pt\/ae\/noticias-3\/","title":{"rendered":"Atividades"},"content":{"rendered":"\n<h2>Semana da Sustentabilidade e Voluntariado<\/h2>\n\n\n\n<p>Durante a semana de 6 a 10 de dezembro, a Associa\u00e7\u00e3o de Estudantes promoveu 2 palestras relacionadas com o voluntariado e a sustentabilidade, com convidados da Refood e da c\u00e2mara municipal. Uma vez que as turmas que assistiram presencialmente foram escolhidas aleatoriamente, est\u00e1 dispon\u00edvel a live que foi transmitida no instagram da AEESDICA. <\/p>\n\n\n\n<p><a href=\"https:\/\/www.instagram.com\/tv\/CXRt_8ZlIeL\/\">https:\/\/www.instagram.com\/tv\/CXRt_8ZlIeL\/<\/a><\/p>\n\n\n\n<p><a href=\"https:\/\/www.instagram.com\/tv\/CXRtlXDFnCm\/\">https:\/\/www.instagram.com\/tv\/CXRtlXDFnCm\/<\/a><\/p>\n\n\n\n<p>Para al\u00e9m disto, recolheu-se roupa em 2\u00aa m\u00e3o para doa\u00e7\u00e3o, promovemos o projeto Para Onde? e criou-se o clube de voluntariado que ser\u00e1 guiado pela Associa\u00e7\u00e3o de Estudantes. <\/p>\n\n\n\n<p><a href=\"https:\/\/www.instagram.com\/tv\/CXMhLGUAQ8q\/\">https:\/\/www.instagram.com\/tv\/CXMhLGUAQ8q\/<\/a><\/p>\n\n\n\n<p><a href=\"https:\/\/www.instagram.com\/tv\/CXMi21IAm93\/\">https:\/\/www.instagram.com\/tv\/CXMi21IAm93\/<\/a><\/p>\n\n\n\n<h2>Projeto Futuro<\/h2>\n\n\n\n<p>Ao longo do ano, a AE pretende dinamizar v\u00e1rios projetos que visem um melhor futuro aos estudantes da ESDICA, por isso, decidiu criar um Projeto onde inclua diversos temas.<\/p>\n\n\n\n<p><a href=\"https:\/\/www.instagram.com\/tv\/CWfo1yiAK91\/?utm_source=ig_web_copy_link\" target=\"_blank\" rel=\"noreferrer noopener\">https:\/\/www.instagram.com\/tv\/CWfo1yiAK91\/<\/a><\/p>\n\n\n\n<p><a href=\"https:\/\/www.instagram.com\/tv\/CWlTz3ml7VI\/?utm_source=ig_web_copy_link\" target=\"_blank\" rel=\"noreferrer noopener\">https:\/\/www.instagram.com\/tv\/CWlTz3ml7VI\/<\/a><\/p>\n\n\n\n<p><a rel=\"noreferrer noopener\" href=\"https:\/\/www.instagram.com\/tv\/CWtoYMZAoAw\/?utm_source=ig_web_copy_link\" target=\"_blank\">https:\/\/www.instagram.com\/tv\/CWtoYMZAoAw\/<\/a><\/p>\n\n\n\n<p><a href=\"https:\/\/www.instagram.com\/tv\/CW3MIWtBrnA\/\">https:\/\/www.instagram.com\/tv\/CW3MIWtBrnA\/<\/a><\/p>\n\n\n\n<p><a href=\"https:\/\/www.instagram.com\/tv\/CW3UTlhhIln\/\">https:\/\/www.instagram.com\/tv\/CW3UTlhhIln\/<\/a><\/p>\n\n\n\n<p><a href=\"https:\/\/www.instagram.com\/tv\/CW4BFXdhcMz\/\">https:\/\/www.instagram.com\/tv\/CW4BFXdhcMz\/<\/a><\/p>\n\n\n\n<p><a href=\"https:\/\/www.instagram.com\/tv\/CW5gDT4A_l3\/\">https:\/\/www.instagram.com\/tv\/CW5gDT4A_l3\/<\/a><\/p>\n\n\n\n<p><a href=\"https:\/\/www.instagram.com\/tv\/CW5zTpylSLs\/\">https:\/\/www.instagram.com\/tv\/CW5zTpylSLs\/<\/a><\/p>\n\n\n\n<p><a href=\"https:\/\/www.instagram.com\/tv\/CW8nnbIlDo9\/\">https:\/\/www.instagram.com\/tv\/CW8nnbIlDo9\/<\/a><\/p>\n\n\n\n<p><a href=\"https:\/\/www.instagram.com\/tv\/CXEEYAVg3zt\/\">https:\/\/www.instagram.com\/tv\/CXEEYAVg3zt\/<\/a><\/p>\n\n\n\n<p><a href=\"https:\/\/www.instagram.com\/tv\/CXJgK7tgLM8\/\">https:\/\/www.instagram.com\/tv\/CXJgK7tgLM8\/<\/a><\/p>\n\n\n\n<p><a href=\"https:\/\/www.instagram.com\/tv\/CXb8ac2AhnE\/\">https:\/\/www.instagram.com\/tv\/CXb8ac2AhnE\/<\/a><\/p>\n\n\n\n<h2>Halloween Party<\/h2>\n\n\n\n<p>No dia 30\/10\/2021, foi realizada a primeira festa da AE. <\/p>\n\n\n\n<figure class=\"wp-block-image size-large is-resized\"><img loading=\"lazy\" src=\"https:\/\/aecister.pt\/ae\/wp-content\/uploads\/2021\/11\/Artboard-1-copy-2-100-1024x1024.jpg\" alt=\"\" class=\"wp-image-377\" width=\"359\" height=\"359\" srcset=\"https:\/\/aecister.pt\/ae\/wp-content\/uploads\/2021\/11\/Artboard-1-copy-2-100-1024x1024.jpg 1024w, https:\/\/aecister.pt\/ae\/wp-content\/uploads\/2021\/11\/Artboard-1-copy-2-100-300x300.jpg 300w, https:\/\/aecister.pt\/ae\/wp-content\/uploads\/2021\/11\/Artboard-1-copy-2-100-150x150.jpg 150w, https:\/\/aecister.pt\/ae\/wp-content\/uploads\/2021\/11\/Artboard-1-copy-2-100-768x768.jpg 768w, https:\/\/aecister.pt\/ae\/wp-content\/uploads\/2021\/11\/Artboard-1-copy-2-100.jpg 1080w\" sizes=\"(max-width: 359px) 100vw, 359px\" \/><\/figure>\n\n\n\n<h2>Tomada de Posse e Reabertura da AE<\/h2>\n\n\n\n<p>No dia 15 de Outubro 2021, a nova Associa\u00e7\u00e3o de Estudantes tomou posse, e reabriu o espa\u00e7o da AE.<\/p>\n\n\n\n<figure class=\"wp-block-image size-large is-resized\"><img loading=\"lazy\" src=\"https:\/\/aecister.pt\/ae\/wp-content\/uploads\/2021\/11\/Tomada-de-posse-1024x762.png\" alt=\"\" class=\"wp-image-376\" width=\"538\" height=\"400\" srcset=\"https:\/\/aecister.pt\/ae\/wp-content\/uploads\/2021\/11\/Tomada-de-posse-1024x762.png 1024w, https:\/\/aecister.pt\/ae\/wp-content\/uploads\/2021\/11\/Tomada-de-posse-300x223.png 300w, https:\/\/aecister.pt\/ae\/wp-content\/uploads\/2021\/11\/Tomada-de-posse-768x571.png 768w, https:\/\/aecister.pt\/ae\/wp-content\/uploads\/2021\/11\/Tomada-de-posse.png 1058w\" sizes=\"(max-width: 538px) 100vw, 538px\" \/><\/figure>\n\n\n\n<hr class=\"wp-block-separator\"\/>\n\n\n\n<figure class=\"wp-block-embed-wordpress wp-block-embed is-type-wp-embed is-provider-associacao-de-estudantes-esdica\"><div class=\"wp-block-embed__wrapper\">\n<blockquote class=\"wp-embedded-content\" data-secret=\"Mv8u8m8P7d\"><a href=\"https:\/\/aecister.pt\/ae\/2021\/05\/11\/aquisicao-da-arca-congeladora\/\">Aquisi\u00e7\u00e3o da Arca Congeladora<\/a><\/blockquote><iframe class=\"wp-embedded-content\" sandbox=\"allow-scripts\" security=\"restricted\" style=\"position: absolute; clip: rect(1px, 1px, 1px, 1px);\" title=\"&#8220;Aquisi\u00e7\u00e3o da Arca Congeladora&#8221; &#8212; Associa\u00e7\u00e3o de Estudantes ESDICA\" src=\"https:\/\/aecister.pt\/ae\/2021\/05\/11\/aquisicao-da-arca-congeladora\/embed\/#?secret=Mv8u8m8P7d\" data-secret=\"Mv8u8m8P7d\" width=\"600\" height=\"338\" frameborder=\"0\" marginwidth=\"0\" marginheight=\"0\" scrolling=\"no\"><\/iframe>\n<\/div><\/figure>\n\n\n\n<figure class=\"wp-block-embed-wordpress wp-block-embed is-type-wp-embed is-provider-associacao-de-estudantes-esdica\"><div class=\"wp-block-embed__wrapper\">\n<blockquote class=\"wp-embedded-content\" data-secret=\"W2zwgY4w7j\"><a href=\"https:\/\/aecister.pt\/ae\/2021\/05\/11\/aquisicao-dos-micro-ondas\/\">Aquisi\u00e7\u00e3o dos micro-ondas<\/a><\/blockquote><iframe class=\"wp-embedded-content\" sandbox=\"allow-scripts\" security=\"restricted\" style=\"position: absolute; clip: rect(1px, 1px, 1px, 1px);\" title=\"&#8220;Aquisi\u00e7\u00e3o dos micro-ondas&#8221; &#8212; Associa\u00e7\u00e3o de Estudantes ESDICA\" src=\"https:\/\/aecister.pt\/ae\/2021\/05\/11\/aquisicao-dos-micro-ondas\/embed\/#?secret=W2zwgY4w7j\" data-secret=\"W2zwgY4w7j\" width=\"600\" height=\"338\" frameborder=\"0\" marginwidth=\"0\" marginheight=\"0\" scrolling=\"no\"><\/iframe>\n<\/div><\/figure>\n\n\n\n<figure class=\"wp-block-embed-wordpress wp-block-embed is-type-wp-embed is-provider-associacao-de-estudantes-esdica\"><div class=\"wp-block-embed__wrapper\">\n<blockquote class=\"wp-embedded-content\" data-secret=\"ZEKb4tBCGN\"><a href=\"https:\/\/aecister.pt\/ae\/2021\/05\/11\/dinamizacao-de-atividades-online\/\">Dinamiza\u00e7\u00e3o de Atividades Online<\/a><\/blockquote><iframe class=\"wp-embedded-content\" sandbox=\"allow-scripts\" security=\"restricted\" style=\"position: absolute; clip: rect(1px, 1px, 1px, 1px);\" title=\"&#8220;Dinamiza\u00e7\u00e3o de Atividades Online&#8221; &#8212; Associa\u00e7\u00e3o de Estudantes ESDICA\" src=\"https:\/\/aecister.pt\/ae\/2021\/05\/11\/dinamizacao-de-atividades-online\/embed\/#?secret=ZEKb4tBCGN\" data-secret=\"ZEKb4tBCGN\" width=\"600\" height=\"338\" frameborder=\"0\" marginwidth=\"0\" marginheight=\"0\" scrolling=\"no\"><\/iframe>\n<\/div><\/figure>\n\n\n\n<figure class=\"wp-block-embed-wordpress wp-block-embed is-type-wp-embed is-provider-associacao-de-estudantes-esdica\"><div class=\"wp-block-embed__wrapper\">\n<blockquote class=\"wp-embedded-content\" data-secret=\"H2DWJuRYTa\"><a href=\"https:\/\/aecister.pt\/ae\/2021\/05\/11\/aquisicao-da-maquina-de-desinfecao-escolar-mensal\/\">Aquisi\u00e7\u00e3o da M\u00e1quina de Desinfe\u00e7\u00e3o Escolar Mensal<\/a><\/blockquote><iframe class=\"wp-embedded-content\" sandbox=\"allow-scripts\" security=\"restricted\" style=\"position: absolute; clip: rect(1px, 1px, 1px, 1px);\" title=\"&#8220;Aquisi\u00e7\u00e3o da M\u00e1quina de Desinfe\u00e7\u00e3o Escolar Mensal&#8221; &#8212; Associa\u00e7\u00e3o de Estudantes ESDICA\" src=\"https:\/\/aecister.pt\/ae\/2021\/05\/11\/aquisicao-da-maquina-de-desinfecao-escolar-mensal\/embed\/#?secret=H2DWJuRYTa\" data-secret=\"H2DWJuRYTa\" width=\"600\" height=\"338\" frameborder=\"0\" marginwidth=\"0\" marginheight=\"0\" scrolling=\"no\"><\/iframe>\n<\/div><\/figure>\n\n\n\n<figure class=\"wp-block-embed-wordpress wp-block-embed is-type-wp-embed is-provider-associacao-de-estudantes-esdica\"><div class=\"wp-block-embed__wrapper\">\n<blockquote class=\"wp-embedded-content\" data-secret=\"AUth6Vi8JB\"><a href=\"https:\/\/aecister.pt\/ae\/2020\/03\/25\/comunicado-da-aeesdica\/\">Comunicado da AEESDICA<\/a><\/blockquote><iframe class=\"wp-embedded-content\" sandbox=\"allow-scripts\" security=\"restricted\" style=\"position: absolute; clip: rect(1px, 1px, 1px, 1px);\" title=\"&#8220;Comunicado da AEESDICA&#8221; &#8212; Associa\u00e7\u00e3o de Estudantes ESDICA\" src=\"https:\/\/aecister.pt\/ae\/2020\/03\/25\/comunicado-da-aeesdica\/embed\/#?secret=AUth6Vi8JB\" data-secret=\"AUth6Vi8JB\" width=\"600\" height=\"338\" frameborder=\"0\" marginwidth=\"0\" marginheight=\"0\" scrolling=\"no\"><\/iframe>\n<\/div><\/figure>\n\n\n\n<figure class=\"wp-block-embed-wordpress wp-block-embed is-type-wp-embed is-provider-associacao-de-estudantes-esdica\"><div class=\"wp-block-embed__wrapper\">\n<blockquote class=\"wp-embedded-content\" data-secret=\"jp9sE1FOEG\"><a href=\"https:\/\/aecister.pt\/ae\/2019\/12\/17\/balanco-do-1o-periodo\/\">Balan\u00e7o do 1\u00ba Per\u00edodo<\/a><\/blockquote><iframe class=\"wp-embedded-content\" sandbox=\"allow-scripts\" security=\"restricted\" style=\"position: absolute; clip: rect(1px, 1px, 1px, 1px);\" title=\"&#8220;Balan\u00e7o do 1\u00ba Per\u00edodo&#8221; &#8212; Associa\u00e7\u00e3o de Estudantes ESDICA\" src=\"https:\/\/aecister.pt\/ae\/2019\/12\/17\/balanco-do-1o-periodo\/embed\/#?secret=jp9sE1FOEG\" data-secret=\"jp9sE1FOEG\" width=\"600\" height=\"338\" frameborder=\"0\" marginwidth=\"0\" marginheight=\"0\" scrolling=\"no\"><\/iframe>\n<\/div><\/figure>\n\n\n\n<figure class=\"wp-block-embed-wordpress wp-block-embed is-type-wp-embed is-provider-associacao-de-estudantes-esdica\"><div class=\"wp-block-embed__wrapper\">\n<blockquote class=\"wp-embedded-content\" data-secret=\"wgeymiTLsT\"><a href=\"https:\/\/aecister.pt\/ae\/2019\/12\/16\/o-regresso-do-jornal-canto-quarto\/\">O Regresso do Jornal Canto Quarto!<\/a><\/blockquote><iframe class=\"wp-embedded-content\" sandbox=\"allow-scripts\" security=\"restricted\" style=\"position: absolute; clip: rect(1px, 1px, 1px, 1px);\" title=\"&#8220;O Regresso do Jornal Canto Quarto!&#8221; &#8212; Associa\u00e7\u00e3o de Estudantes ESDICA\" src=\"https:\/\/aecister.pt\/ae\/2019\/12\/16\/o-regresso-do-jornal-canto-quarto\/embed\/#?secret=wgeymiTLsT\" data-secret=\"wgeymiTLsT\" width=\"600\" height=\"338\" frameborder=\"0\" marginwidth=\"0\" marginheight=\"0\" scrolling=\"no\"><\/iframe>\n<\/div><\/figure>\n\n\n\n<figure class=\"wp-block-embed-wordpress wp-block-embed is-type-wp-embed is-provider-associacao-de-estudantes-esdica\"><div class=\"wp-block-embed__wrapper\">\n<blockquote class=\"wp-embedded-content\" data-secret=\"J1CZ29guer\"><a href=\"https:\/\/aecister.pt\/ae\/2019\/11\/26\/direcao\/\">Semana Pol\u00edtica<\/a><\/blockquote><iframe class=\"wp-embedded-content\" sandbox=\"allow-scripts\" security=\"restricted\" style=\"position: absolute; clip: rect(1px, 1px, 1px, 1px);\" title=\"&#8220;Semana Pol\u00edtica&#8221; &#8212; Associa\u00e7\u00e3o de Estudantes ESDICA\" src=\"https:\/\/aecister.pt\/ae\/2019\/11\/26\/direcao\/embed\/#?secret=J1CZ29guer\" data-secret=\"J1CZ29guer\" width=\"600\" height=\"338\" frameborder=\"0\" marginwidth=\"0\" marginheight=\"0\" scrolling=\"no\"><\/iframe>\n<\/div><\/figure>\n\n\n\n<figure class=\"wp-block-embed-wordpress wp-block-embed is-type-wp-embed is-provider-associacao-de-estudantes-esdica\"><div class=\"wp-block-embed__wrapper\">\n<blockquote class=\"wp-embedded-content\" data-secret=\"QmpH2Ixd8m\"><a href=\"https:\/\/aecister.pt\/ae\/2019\/11\/26\/conselho-fiscal\/\">Eco-Escolas<\/a><\/blockquote><iframe class=\"wp-embedded-content\" sandbox=\"allow-scripts\" security=\"restricted\" style=\"position: absolute; clip: rect(1px, 1px, 1px, 1px);\" title=\"&#8220;Eco-Escolas&#8221; &#8212; Associa\u00e7\u00e3o de Estudantes ESDICA\" src=\"https:\/\/aecister.pt\/ae\/2019\/11\/26\/conselho-fiscal\/embed\/#?secret=QmpH2Ixd8m\" data-secret=\"QmpH2Ixd8m\" width=\"600\" height=\"338\" frameborder=\"0\" marginwidth=\"0\" marginheight=\"0\" scrolling=\"no\"><\/iframe>\n<\/div><\/figure>\n","protected":false},"excerpt":{"rendered":"<p>Semana da Sustentabilidade e Voluntariado Durante a semana de 6 a 10 de dezembro, a Associa\u00e7\u00e3o de Estudantes promoveu 2 palestras relacionadas com o voluntariado e a sustentabilidade, com convidados da Refood e da c\u00e2mara municipal. Uma vez que as turmas que assistiram presencialmente foram escolhidas aleatoriamente, est\u00e1 dispon\u00edvel a live que foi transmitida no &hellip; <a href=\"https:\/\/aecister.pt\/ae\/noticias-3\/\" class=\"more-link\">Continue a ler <span class=\"screen-reader-text\">Atividades<\/span><\/a><\/p>\n","protected":false},"author":1,"featured_media":0,"parent":0,"menu_order":0,"comment_status":"closed","ping_status":"closed","template":"","meta":[],"_links":{"self":[{"href":"https:\/\/aecister.pt\/ae\/wp-json\/wp\/v2\/pages\/121"}],"collection":[{"href":"https:\/\/aecister.pt\/ae\/wp-json\/wp\/v2\/pages"}],"about":[{"href":"https:\/\/aecister.pt\/ae\/wp-json\/wp\/v2\/types\/page"}],"author":[{"embeddable":true,"href":"https:\/\/aecister.pt\/ae\/wp-json\/wp\/v2\/users\/1"}],"replies":[{"embeddable":true,"href":"https:\/\/aecister.pt\/ae\/wp-json\/wp\/v2\/comments?post=121"}],"version-history":[{"count":19,"href":"https:\/\/aecister.pt\/ae\/wp-json\/wp\/v2\/pages\/121\/revisions"}],"predecessor-version":[{"id":515,"href":"https:\/\/aecister.pt\/ae\/wp-json\/wp\/v2\/pages\/121\/revisions\/515"}],"wp:attachment":[{"href":"https:\/\/aecister.pt\/ae\/wp-json\/wp\/v2\/media?parent=121"}],"curies":[{"name":"wp","href":"https:\/\/api.w.org\/{rel}","templated":true}]}}